{"id":74,"date":"2019-02-12T23:39:07","date_gmt":"2019-02-12T22:39:07","guid":{"rendered":"https:\/\/gudea21.wordpress.com\/?page_id=74"},"modified":"2021-02-16T14:46:35","modified_gmt":"2021-02-16T13:46:35","slug":"lage","status":"publish","type":"page","link":"https:\/\/gudea21.de\/?page_id=74","title":{"rendered":"Lage"},"content":{"rendered":"\n<p><\/p>\n\n\n\n<p class=\"animated fadeInDown\">Das Ferienhaus <em>Huis Gudea 21<\/em> steht in dem \u00fcberschaubaren Ort Sint Maartensvlotbrug in Nord-Holland und ist ca. 3 km vom Strand entfernt. Gleich mehrere Str\u00e4nde sind in direkter Umgebung und schnell mit Fahrrad oder Auto zu erreichen. Hierbei handelt es sich im \u00dcbrigen nicht(!) um ein Wattenmeer (wie bspw. am Ijselmeer) sondern um einen richtigen Sandstrand. Damit Sie sich einen Eindruck verschaffen k\u00f6nnen, finden Sie Strandbilder unter <strong><a href=\"https:\/\/gudea21.de\/?page_id=55\">Bildergalerie<\/a><\/strong>.<\/p>\n\n\n\n<center><iframe loading=\"lazy\" src=\"https:\/\/www.google.com\/maps\/embed?pb=!1m18!1m12!1m3!1d2413.221201841037!2d4.705652215665775!3d52.782319279864645!2m3!1f0!2f0!3f0!3m2!1i1024!2i768!4f13.1!3m3!1m2!1s0x47cf454c95ee6b4d%3A0x5c10d194cb04f81d!2sRuigeweg%2055A%2C%201752%20HC%20Sint%20Maartensvlotbrug%2C%20Niederlande!5e0!3m2!1sde!2sde!4v1593894890408!5m2!1sde!2sde\" width=\"600\" height=\"450\" frameborder=\"0\" style=\"border:0;\" allowfullscreen=\"\" aria-hidden=\"false\" tabindex=\"0\"><\/iframe><\/center>\n\n\n\n<div class=\"wp-block-group is-layout-flow wp-block-group-is-layout-flow\"><div class=\"wp-block-group__inner-container\"><\/div><\/div>\n\n\n\n<p class=\"animated fadeInDown\">Rund um Sint Maartensvlotbrug gibt es einiges zu entdecken. Tulpenfelder und unz\u00e4hlige Grachten sind an der Tagesordnung. Als n\u00e4chst gr\u00f6\u00dfere Stadt ist Alkmaar stets einen Besuch wert, besonders w\u00e4hrend des &#8222;Kaasmarkt&#8220;. Amsterdam erreichen Sie mit dem Auto in unter einer Stunde und empfiehlt sich ebenfalls f\u00fcr mehr als nur einen Besuch. Mit der Lage in Nord-Holland bietet Ihnen das Ferienhaus <em>Huis Gudea 21<\/em> einen gelungenen Spagat zwischen Strandurlaub und Erlebnisurlaub samt niederl\u00e4ndischer bzw. holl\u00e4ndischer Kultur f\u00fcr die ganze Familie. <\/p>\n\n\n\n<p class=\"animated fadeInDown\">Einkaufsm\u00f6glichkeiten finden sich sieben Tage die Woche in den n\u00e4chsten Ortschaften Schagen oder Callantsoog (7 bis 10 km) und sind auch gut mit Fahrrad oder Auto zu erreichen. Alles was ben\u00f6tigt wird ist somit in der N\u00e4he und mit Alkmaar ist die n\u00e4chste Gro\u00dfstadt gerade mal ca. 20km entfernt. Das Huis Gudea 21 l\u00e4dt dazu ein, die Urlaubszeit am sch\u00f6nen Sandstrand zu verbringen um danach in die Niederl\u00e4ndische Kultur einzutauchen und den einen oder anderen Ausflug nach Alkmaar und Amsterdam zu unternehmen. <\/p>\n\n\n\n<p class=\"animated fadeInDown\">In der Region befinden sich diverse Museen (Marine\/Schifffahrt), H\u00e4fen und viele Vogelarten. Somit ist Nordholland auch f\u00fcr Ornithologen oder Bildungsurlaub geeignet. In Schagen ist die n\u00e4chste Zuganbindung, wodurch auch sehr gut weitere Reisen unternommen werden k\u00f6nnen (bspw. Amsterdam). Auch ein Ausflug zum Ijselmeer oder dem n\u00f6rdlich gelegenen Ort <em>Den Helder<\/em> und eine \u00dcberfahrt zur Insel <em>Texel<\/em> kann unternommen werden. Tierfreunde und Kinder k\u00f6nnen auf Texel die Seehundaufzuchtstation besuchen (<a href=\"https:\/\/www.ecomare.nl\/de\/entdecke-ecomare-auf-texel\/tiere\/seehunde-bei-ecomare\/\"><em><span class=\"has-inline-color has-vivid-cyan-blue-color\">Link zur Seehundstation<\/span><\/em><\/a>).<\/p>\n\n\n\n<div class=\"wp-block-columns is-layout-flex wp-container-core-columns-is-layout-9d6595d7 wp-block-columns-is-layout-flex\">\n<div class=\"wp-block-column is-layout-flow wp-block-column-is-layout-flow\">\n<figure class=\"wp-block-image size-large animated fadeInLeft\"><img loading=\"lazy\" decoding=\"async\" width=\"1000\" height=\"500\" src=\"http:\/\/192.168.178.36\/wp-content\/uploads\/2020\/07\/Seehund-1.jpg\" alt=\"\" class=\"wp-image-461\" srcset=\"https:\/\/gudea21.de\/wp-content\/uploads\/2020\/07\/Seehund-1.jpg 1000w, https:\/\/gudea21.de\/wp-content\/uploads\/2020\/07\/Seehund-1-300x150.jpg 300w, https:\/\/gudea21.de\/wp-content\/uploads\/2020\/07\/Seehund-1-768x384.jpg 768w\" sizes=\"auto, (max-width: 706px) 89vw, (max-width: 767px) 82vw, 740px\" \/><\/figure>\n<\/div>\n\n\n\n<div class=\"wp-block-column is-layout-flow wp-block-column-is-layout-flow\">\n<figure class=\"wp-block-image size-large animated fadeInRight\"><img loading=\"lazy\" decoding=\"async\" width=\"1000\" height=\"500\" src=\"http:\/\/192.168.178.36\/wp-content\/uploads\/2020\/07\/Tulpen2-1.jpg\" alt=\"\" class=\"wp-image-463\" srcset=\"https:\/\/gudea21.de\/wp-content\/uploads\/2020\/07\/Tulpen2-1.jpg 1000w, https:\/\/gudea21.de\/wp-content\/uploads\/2020\/07\/Tulpen2-1-300x150.jpg 300w, https:\/\/gudea21.de\/wp-content\/uploads\/2020\/07\/Tulpen2-1-768x384.jpg 768w\" sizes=\"auto, (max-width: 706px) 89vw, (max-width: 767px) 82vw, 740px\" \/><\/figure>\n<\/div>\n<\/div>\n\n\n\n<p><\/p>\n","protected":false},"excerpt":{"rendered":"<p>Das Ferienhaus Huis Gudea 21 steht in dem \u00fcberschaubaren Ort Sint Maartensvlotbrug in Nord-Holland und ist ca. 3 km vom Strand entfernt. Gleich mehrere Str\u00e4nde sind in direkter Umgebung und schnell mit Fahrrad oder Auto zu erreichen. Hierbei handelt es sich im \u00dcbrigen nicht(!) um ein Wattenmeer (wie bspw. am Ijselmeer) sondern um einen richtigen &hellip; <\/p>\n<p class=\"link-more\"><a href=\"https:\/\/gudea21.de\/?page_id=74\" class=\"more-link\"><span class=\"screen-reader-text\">\u201eLage\u201c <\/span>weiterlesen<\/a><\/p>\n","protected":false},"author":1,"featured_media":0,"parent":11,"menu_order":0,"comment_status":"closed","ping_status":"closed","template":"","meta":{"_themeisle_gutenberg_block_has_review":false,"footnotes":""},"class_list":["post-74","page","type-page","status-publish","hentry"],"yoast_head":"<!-- This site is optimized with the Yoast SEO plugin v26.8 - https:\/\/yoast.com\/product\/yoast-seo-wordpress\/ -->\n<title>Lage - Huisje Gudea 21<\/title>\n<meta name=\"robots\" content=\"index, follow, max-snippet:-1, max-image-preview:large, max-video-preview:-1\" \/>\n<link rel=\"canonical\" href=\"https:\/\/gudea21.de\/?page_id=74\" \/>\n<meta property=\"og:locale\" content=\"de_DE\" \/>\n<meta property=\"og:type\" content=\"article\" \/>\n<meta property=\"og:title\" content=\"Lage - Huisje Gudea 21\" \/>\n<meta property=\"og:description\" content=\"Das Ferienhaus Huis Gudea 21 steht in dem \u00fcberschaubaren Ort Sint Maartensvlotbrug in Nord-Holland und ist ca. 3 km vom Strand entfernt. Gleich mehrere Str\u00e4nde sind in direkter Umgebung und schnell mit Fahrrad oder Auto zu erreichen. Hierbei handelt es sich im \u00dcbrigen nicht(!) um ein Wattenmeer (wie bspw. am Ijselmeer) sondern um einen richtigen &hellip; \u201eLage\u201c weiterlesen\" \/>\n<meta property=\"og:url\" content=\"https:\/\/gudea21.de\/?page_id=74\" \/>\n<meta property=\"og:site_name\" content=\"Huisje Gudea 21\" \/>\n<meta property=\"article:modified_time\" content=\"2021-02-16T13:46:35+00:00\" \/>\n<meta property=\"og:image\" content=\"http:\/\/192.168.178.36\/wp-content\/uploads\/2020\/07\/Seehund-1.jpg\" \/>\n<meta name=\"twitter:card\" content=\"summary_large_image\" \/>\n<meta name=\"twitter:label1\" content=\"Gesch\u00e4tzte Lesezeit\" \/>\n\t<meta name=\"twitter:data1\" content=\"2\u00a0Minuten\" \/>\n<script type=\"application\/ld+json\" class=\"yoast-schema-graph\">{\"@context\":\"https:\/\/schema.org\",\"@graph\":[{\"@type\":\"WebPage\",\"@id\":\"https:\/\/gudea21.de\/?page_id=74\",\"url\":\"https:\/\/gudea21.de\/?page_id=74\",\"name\":\"Lage - Huisje Gudea 21\",\"isPartOf\":{\"@id\":\"https:\/\/gudea21.de\/#website\"},\"primaryImageOfPage\":{\"@id\":\"https:\/\/gudea21.de\/?page_id=74#primaryimage\"},\"image\":{\"@id\":\"https:\/\/gudea21.de\/?page_id=74#primaryimage\"},\"thumbnailUrl\":\"http:\/\/192.168.178.36\/wp-content\/uploads\/2020\/07\/Seehund-1.jpg\",\"datePublished\":\"2019-02-12T22:39:07+00:00\",\"dateModified\":\"2021-02-16T13:46:35+00:00\",\"breadcrumb\":{\"@id\":\"https:\/\/gudea21.de\/?page_id=74#breadcrumb\"},\"inLanguage\":\"de\",\"potentialAction\":[{\"@type\":\"ReadAction\",\"target\":[\"https:\/\/gudea21.de\/?page_id=74\"]}]},{\"@type\":\"ImageObject\",\"inLanguage\":\"de\",\"@id\":\"https:\/\/gudea21.de\/?page_id=74#primaryimage\",\"url\":\"http:\/\/192.168.178.36\/wp-content\/uploads\/2020\/07\/Seehund-1.jpg\",\"contentUrl\":\"http:\/\/192.168.178.36\/wp-content\/uploads\/2020\/07\/Seehund-1.jpg\"},{\"@type\":\"BreadcrumbList\",\"@id\":\"https:\/\/gudea21.de\/?page_id=74#breadcrumb\",\"itemListElement\":[{\"@type\":\"ListItem\",\"position\":1,\"name\":\"Startseite\",\"item\":\"https:\/\/gudea21.de\/\"},{\"@type\":\"ListItem\",\"position\":2,\"name\":\"Beschreibung\",\"item\":\"https:\/\/gudea21.de\/?page_id=11\"},{\"@type\":\"ListItem\",\"position\":3,\"name\":\"Lage\"}]},{\"@type\":\"WebSite\",\"@id\":\"https:\/\/gudea21.de\/#website\",\"url\":\"https:\/\/gudea21.de\/\",\"name\":\"Huisje Gudea 21\",\"description\":\"Urlaub in Nordholland\",\"publisher\":{\"@id\":\"https:\/\/gudea21.de\/#organization\"},\"potentialAction\":[{\"@type\":\"SearchAction\",\"target\":{\"@type\":\"EntryPoint\",\"urlTemplate\":\"https:\/\/gudea21.de\/?s={search_term_string}\"},\"query-input\":{\"@type\":\"PropertyValueSpecification\",\"valueRequired\":true,\"valueName\":\"search_term_string\"}}],\"inLanguage\":\"de\"},{\"@type\":\"Organization\",\"@id\":\"https:\/\/gudea21.de\/#organization\",\"name\":\"Huisje Gudea 21\",\"url\":\"https:\/\/gudea21.de\/\",\"logo\":{\"@type\":\"ImageObject\",\"inLanguage\":\"de\",\"@id\":\"https:\/\/gudea21.de\/#\/schema\/logo\/image\/\",\"url\":\"https:\/\/gudea21.de\/wp-content\/uploads\/2020\/06\/cropped-cropped-icon-kopie-1-1.png\",\"contentUrl\":\"https:\/\/gudea21.de\/wp-content\/uploads\/2020\/06\/cropped-cropped-icon-kopie-1-1.png\",\"width\":250,\"height\":250,\"caption\":\"Huisje Gudea 21\"},\"image\":{\"@id\":\"https:\/\/gudea21.de\/#\/schema\/logo\/image\/\"}}]}<\/script>\n<!-- \/ Yoast SEO plugin. -->","yoast_head_json":{"title":"Lage - Huisje Gudea 21","robots":{"index":"index","follow":"follow","max-snippet":"max-snippet:-1","max-image-preview":"max-image-preview:large","max-video-preview":"max-video-preview:-1"},"canonical":"https:\/\/gudea21.de\/?page_id=74","og_locale":"de_DE","og_type":"article","og_title":"Lage - Huisje Gudea 21","og_description":"Das Ferienhaus Huis Gudea 21 steht in dem \u00fcberschaubaren Ort Sint Maartensvlotbrug in Nord-Holland und ist ca. 3 km vom Strand entfernt. Gleich mehrere Str\u00e4nde sind in direkter Umgebung und schnell mit Fahrrad oder Auto zu erreichen. Hierbei handelt es sich im \u00dcbrigen nicht(!) um ein Wattenmeer (wie bspw. am Ijselmeer) sondern um einen richtigen &hellip; \u201eLage\u201c weiterlesen","og_url":"https:\/\/gudea21.de\/?page_id=74","og_site_name":"Huisje Gudea 21","article_modified_time":"2021-02-16T13:46:35+00:00","og_image":[{"url":"http:\/\/192.168.178.36\/wp-content\/uploads\/2020\/07\/Seehund-1.jpg","type":"","width":"","height":""}],"twitter_card":"summary_large_image","twitter_misc":{"Gesch\u00e4tzte Lesezeit":"2\u00a0Minuten"},"schema":{"@context":"https:\/\/schema.org","@graph":[{"@type":"WebPage","@id":"https:\/\/gudea21.de\/?page_id=74","url":"https:\/\/gudea21.de\/?page_id=74","name":"Lage - Huisje Gudea 21","isPartOf":{"@id":"https:\/\/gudea21.de\/#website"},"primaryImageOfPage":{"@id":"https:\/\/gudea21.de\/?page_id=74#primaryimage"},"image":{"@id":"https:\/\/gudea21.de\/?page_id=74#primaryimage"},"thumbnailUrl":"http:\/\/192.168.178.36\/wp-content\/uploads\/2020\/07\/Seehund-1.jpg","datePublished":"2019-02-12T22:39:07+00:00","dateModified":"2021-02-16T13:46:35+00:00","breadcrumb":{"@id":"https:\/\/gudea21.de\/?page_id=74#breadcrumb"},"inLanguage":"de","potentialAction":[{"@type":"ReadAction","target":["https:\/\/gudea21.de\/?page_id=74"]}]},{"@type":"ImageObject","inLanguage":"de","@id":"https:\/\/gudea21.de\/?page_id=74#primaryimage","url":"http:\/\/192.168.178.36\/wp-content\/uploads\/2020\/07\/Seehund-1.jpg","contentUrl":"http:\/\/192.168.178.36\/wp-content\/uploads\/2020\/07\/Seehund-1.jpg"},{"@type":"BreadcrumbList","@id":"https:\/\/gudea21.de\/?page_id=74#breadcrumb","itemListElement":[{"@type":"ListItem","position":1,"name":"Startseite","item":"https:\/\/gudea21.de\/"},{"@type":"ListItem","position":2,"name":"Beschreibung","item":"https:\/\/gudea21.de\/?page_id=11"},{"@type":"ListItem","position":3,"name":"Lage"}]},{"@type":"WebSite","@id":"https:\/\/gudea21.de\/#website","url":"https:\/\/gudea21.de\/","name":"Huisje Gudea 21","description":"Urlaub in Nordholland","publisher":{"@id":"https:\/\/gudea21.de\/#organization"},"potentialAction":[{"@type":"SearchAction","target":{"@type":"EntryPoint","urlTemplate":"https:\/\/gudea21.de\/?s={search_term_string}"},"query-input":{"@type":"PropertyValueSpecification","valueRequired":true,"valueName":"search_term_string"}}],"inLanguage":"de"},{"@type":"Organization","@id":"https:\/\/gudea21.de\/#organization","name":"Huisje Gudea 21","url":"https:\/\/gudea21.de\/","logo":{"@type":"ImageObject","inLanguage":"de","@id":"https:\/\/gudea21.de\/#\/schema\/logo\/image\/","url":"https:\/\/gudea21.de\/wp-content\/uploads\/2020\/06\/cropped-cropped-icon-kopie-1-1.png","contentUrl":"https:\/\/gudea21.de\/wp-content\/uploads\/2020\/06\/cropped-cropped-icon-kopie-1-1.png","width":250,"height":250,"caption":"Huisje Gudea 21"},"image":{"@id":"https:\/\/gudea21.de\/#\/schema\/logo\/image\/"}}]}},"_links":{"self":[{"href":"https:\/\/gudea21.de\/index.php?rest_route=\/wp\/v2\/pages\/74","targetHints":{"allow":["GET"]}}],"collection":[{"href":"https:\/\/gudea21.de\/index.php?rest_route=\/wp\/v2\/pages"}],"about":[{"href":"https:\/\/gudea21.de\/index.php?rest_route=\/wp\/v2\/types\/page"}],"author":[{"embeddable":true,"href":"https:\/\/gudea21.de\/index.php?rest_route=\/wp\/v2\/users\/1"}],"replies":[{"embeddable":true,"href":"https:\/\/gudea21.de\/index.php?rest_route=%2Fwp%2Fv2%2Fcomments&post=74"}],"version-history":[{"count":19,"href":"https:\/\/gudea21.de\/index.php?rest_route=\/wp\/v2\/pages\/74\/revisions"}],"predecessor-version":[{"id":757,"href":"https:\/\/gudea21.de\/index.php?rest_route=\/wp\/v2\/pages\/74\/revisions\/757"}],"up":[{"embeddable":true,"href":"https:\/\/gudea21.de\/index.php?rest_route=\/wp\/v2\/pages\/11"}],"wp:attachment":[{"href":"https:\/\/gudea21.de\/index.php?rest_route=%2Fwp%2Fv2%2Fmedia&parent=74"}],"curies":[{"name":"wp","href":"https:\/\/api.w.org\/{rel}","templated":true}]}}