{"id":73,"date":"2019-02-12T23:39:06","date_gmt":"2019-02-12T22:39:06","guid":{"rendered":"https:\/\/gudea21.wordpress.com\/?page_id=73"},"modified":"2023-01-08T01:49:50","modified_gmt":"2023-01-08T00:49:50","slug":"ausstattung","status":"publish","type":"page","link":"https:\/\/gudea21.de\/?page_id=73","title":{"rendered":"Ausstattung"},"content":{"rendered":"\n<p class=\"animated fadeIn\"><em>Huisje Gudea 21<\/em> bietet ca. 72qm und eine umfangreiche Ausstattung samt Garten f\u00fcr einen erholsamen oder ereignisreichen Urlaub. Schauen Sie unter &#8222;<a href=\"https:\/\/gudea21.de\/?page_id=14\">News<\/a>&#8220; um \u00fcber die neusten Umbauten am und im Haus informiert zu sein.<\/p>\n\n\n\n<h4 class=\"wp-block-heading\"><strong>Ausstattung Haus und Zimmer:<\/strong><\/h4>\n\n\n\n<div class=\"wp-block-columns is-layout-flex wp-container-core-columns-is-layout-9d6595d7 wp-block-columns-is-layout-flex\">\n<div class=\"wp-block-column is-layout-flow wp-block-column-is-layout-flow\" style=\"flex-basis:33.33%\">\n<p class=\"has-text-align-right animated fadeInLeft\"><strong>Wohnzimmer:<\/strong><br><br><br><br><br><strong>K\u00fcche:<\/strong><br><br><br><br><br><br><br><strong>Schlafzimmer 1:<\/strong><br><br><br><strong>Schlafzimmer 2:<br><br>Schlafzimmer 3:<\/strong><br><br><strong>Haupt-Badezimmer:<\/strong><br><br><br><br><br><strong>Zus\u00e4t. Badezimmer (oben):<br><\/strong><\/p>\n<\/div>\n\n\n\n<div class=\"wp-block-column is-layout-flow wp-block-column-is-layout-flow\" style=\"flex-basis:66.66%\">\n<p class=\"animated fadeInRight\">&#8211; Sofa\/Couch<br>&#8211; Schlafsofa (klappbar)<br>&#8211; UHD TV mit Kabel- (Ziggo) und Satellitenempfang<br>&#8211; Wlan 50Mbit (im gesamten Haus empfangbar)<br><br>&#8211; Gasherd mit 4 Kochstellen<br>&#8211; Besteck und Geschirr<br>&#8211; Eingebauter Backofen\/Mikrowelle<br>&#8211; K\u00fchlschrank<br>&#8211; Toaster<br>&#8211; Wasserkocher<\/p>\n\n\n\n<p class=\"animated fadeInRight\">&#8211; Doppelbett (180&#215;200)<br>&#8211; Kleiderschrank<br><br>&#8211; Doppelbett (120&#215;200)<br><br>&#8211; Einzelbett (ausziehbar, somit zwei Einzelbetten)<br><br>&#8211; Dusche<br>&#8211; WC<br>&#8211; Spiegel<br>&#8211; Waschbecken<br><br>&#8211; WC<br>&#8211; Waschbecken<\/p>\n<\/div>\n<\/div>\n\n\n\n<h4 class=\"wp-block-heading\"><strong>Sonstige Ausstattung<\/strong>:<\/h4>\n\n\n\n<p><\/p>\n\n\n\n<p>&#8211; Abstellraum <br>&#8211; Waschmaschine<br>&#8211; Staubsauger<br>&#8211; Zentralheizung<br>&#8211; Grill<br>&#8211; 2 gebrauchte Fahrr\u00e4der stehen Ihnen zur Verf\u00fcgung &#8211; keine Garantie<br>&#8211; Kinderspielplatz wenige Meter entfernt (um die Ecke)<br>&#8211; Eigener PKW-Abstellplatz um die Ecke (+G\u00e4steparkpl\u00e4tze, ohne Garantie)<br>&#8211; Terasse mit Tisch, Sitzbank und Sonnenschirm<\/p>\n\n\n\n<p class=\"has-text-align-center has-very-dark-gray-color has-text-color\"><strong>HUND ERLAUBT !<\/strong><\/p>\n\n\n<div class=\"wp-block-image animated fadeInDown\">\n<figure class=\"aligncenter is-resized\"><img loading=\"lazy\" decoding=\"async\" src=\"http:\/\/192.168.178.36\/wp-content\/uploads\/2019\/03\/hundeurlaub.jpg\" alt=\"\" class=\"wp-image-337\" width=\"231\" height=\"279\" srcset=\"https:\/\/gudea21.de\/wp-content\/uploads\/2019\/03\/hundeurlaub.jpg 828w, https:\/\/gudea21.de\/wp-content\/uploads\/2019\/03\/hundeurlaub-248x300.jpg 248w, https:\/\/gudea21.de\/wp-content\/uploads\/2019\/03\/hundeurlaub-768x928.jpg 768w\" sizes=\"auto, (max-width: 231px) 100vw, 231px\" \/><\/figure>\n<\/div>\n\n\n<p><\/p>\n","protected":false},"excerpt":{"rendered":"<p>Huisje Gudea 21 bietet ca. 72qm und eine umfangreiche Ausstattung samt Garten f\u00fcr einen erholsamen oder ereignisreichen Urlaub. Schauen Sie unter &#8222;News&#8220; um \u00fcber die neusten Umbauten am und im Haus informiert zu sein. Ausstattung Haus und Zimmer: Wohnzimmer: K\u00fcche: Schlafzimmer 1: Schlafzimmer 2: Schlafzimmer 3: Haupt-Badezimmer: Zus\u00e4t. Badezimmer (oben): &#8211; Sofa\/Couch&#8211; Schlafsofa (klappbar)&#8211; UHD &hellip; <\/p>\n<p class=\"link-more\"><a href=\"https:\/\/gudea21.de\/?page_id=73\" class=\"more-link\"><span class=\"screen-reader-text\">\u201eAusstattung\u201c <\/span>weiterlesen<\/a><\/p>\n","protected":false},"author":1,"featured_media":0,"parent":11,"menu_order":0,"comment_status":"closed","ping_status":"closed","template":"","meta":{"_themeisle_gutenberg_block_has_review":false,"footnotes":""},"class_list":["post-73","page","type-page","status-publish","hentry"],"yoast_head":"<!-- This site is optimized with the Yoast SEO plugin v26.8 - https:\/\/yoast.com\/product\/yoast-seo-wordpress\/ -->\n<title>Ausstattung - Huisje Gudea 21<\/title>\n<meta name=\"description\" content=\"Gesamte Liste der Ausstattung des Hauses. Drei Schlafzimmer, zwei Toiletten, eigener eingez\u00e4unter Garten und vieles mehr.\" \/>\n<meta name=\"robots\" content=\"index, follow, max-snippet:-1, max-image-preview:large, max-video-preview:-1\" \/>\n<link rel=\"canonical\" href=\"https:\/\/gudea21.de\/?page_id=73\" \/>\n<meta property=\"og:locale\" content=\"de_DE\" \/>\n<meta property=\"og:type\" content=\"article\" \/>\n<meta property=\"og:title\" content=\"Ausstattung - Huisje Gudea 21\" \/>\n<meta property=\"og:description\" content=\"Gesamte Liste der Ausstattung des Hauses. Drei Schlafzimmer, zwei Toiletten, eigener eingez\u00e4unter Garten und vieles mehr.\" \/>\n<meta property=\"og:url\" content=\"https:\/\/gudea21.de\/?page_id=73\" \/>\n<meta property=\"og:site_name\" content=\"Huisje Gudea 21\" \/>\n<meta property=\"article:modified_time\" content=\"2023-01-08T00:49:50+00:00\" \/>\n<meta property=\"og:image\" content=\"http:\/\/192.168.178.36\/wp-content\/uploads\/2019\/03\/hundeurlaub.jpg\" \/>\n<meta name=\"twitter:card\" content=\"summary_large_image\" \/>\n<meta name=\"twitter:label1\" content=\"Gesch\u00e4tzte Lesezeit\" \/>\n\t<meta name=\"twitter:data1\" content=\"1\u00a0Minute\" \/>\n<script type=\"application\/ld+json\" class=\"yoast-schema-graph\">{\"@context\":\"https:\/\/schema.org\",\"@graph\":[{\"@type\":\"WebPage\",\"@id\":\"https:\/\/gudea21.de\/?page_id=73\",\"url\":\"https:\/\/gudea21.de\/?page_id=73\",\"name\":\"Ausstattung - Huisje Gudea 21\",\"isPartOf\":{\"@id\":\"https:\/\/gudea21.de\/#website\"},\"primaryImageOfPage\":{\"@id\":\"https:\/\/gudea21.de\/?page_id=73#primaryimage\"},\"image\":{\"@id\":\"https:\/\/gudea21.de\/?page_id=73#primaryimage\"},\"thumbnailUrl\":\"http:\/\/192.168.178.36\/wp-content\/uploads\/2019\/03\/hundeurlaub.jpg\",\"datePublished\":\"2019-02-12T22:39:06+00:00\",\"dateModified\":\"2023-01-08T00:49:50+00:00\",\"description\":\"Gesamte Liste der Ausstattung des Hauses. Drei Schlafzimmer, zwei Toiletten, eigener eingez\u00e4unter Garten und vieles mehr.\",\"breadcrumb\":{\"@id\":\"https:\/\/gudea21.de\/?page_id=73#breadcrumb\"},\"inLanguage\":\"de\",\"potentialAction\":[{\"@type\":\"ReadAction\",\"target\":[\"https:\/\/gudea21.de\/?page_id=73\"]}]},{\"@type\":\"ImageObject\",\"inLanguage\":\"de\",\"@id\":\"https:\/\/gudea21.de\/?page_id=73#primaryimage\",\"url\":\"http:\/\/192.168.178.36\/wp-content\/uploads\/2019\/03\/hundeurlaub.jpg\",\"contentUrl\":\"http:\/\/192.168.178.36\/wp-content\/uploads\/2019\/03\/hundeurlaub.jpg\"},{\"@type\":\"BreadcrumbList\",\"@id\":\"https:\/\/gudea21.de\/?page_id=73#breadcrumb\",\"itemListElement\":[{\"@type\":\"ListItem\",\"position\":1,\"name\":\"Startseite\",\"item\":\"https:\/\/gudea21.de\/\"},{\"@type\":\"ListItem\",\"position\":2,\"name\":\"Beschreibung\",\"item\":\"https:\/\/gudea21.de\/?page_id=11\"},{\"@type\":\"ListItem\",\"position\":3,\"name\":\"Ausstattung\"}]},{\"@type\":\"WebSite\",\"@id\":\"https:\/\/gudea21.de\/#website\",\"url\":\"https:\/\/gudea21.de\/\",\"name\":\"Huisje Gudea 21\",\"description\":\"Urlaub in Nordholland\",\"publisher\":{\"@id\":\"https:\/\/gudea21.de\/#organization\"},\"potentialAction\":[{\"@type\":\"SearchAction\",\"target\":{\"@type\":\"EntryPoint\",\"urlTemplate\":\"https:\/\/gudea21.de\/?s={search_term_string}\"},\"query-input\":{\"@type\":\"PropertyValueSpecification\",\"valueRequired\":true,\"valueName\":\"search_term_string\"}}],\"inLanguage\":\"de\"},{\"@type\":\"Organization\",\"@id\":\"https:\/\/gudea21.de\/#organization\",\"name\":\"Huisje Gudea 21\",\"url\":\"https:\/\/gudea21.de\/\",\"logo\":{\"@type\":\"ImageObject\",\"inLanguage\":\"de\",\"@id\":\"https:\/\/gudea21.de\/#\/schema\/logo\/image\/\",\"url\":\"https:\/\/gudea21.de\/wp-content\/uploads\/2020\/06\/cropped-cropped-icon-kopie-1-1.png\",\"contentUrl\":\"https:\/\/gudea21.de\/wp-content\/uploads\/2020\/06\/cropped-cropped-icon-kopie-1-1.png\",\"width\":250,\"height\":250,\"caption\":\"Huisje Gudea 21\"},\"image\":{\"@id\":\"https:\/\/gudea21.de\/#\/schema\/logo\/image\/\"}}]}<\/script>\n<!-- \/ Yoast SEO plugin. -->","yoast_head_json":{"title":"Ausstattung - Huisje Gudea 21","description":"Gesamte Liste der Ausstattung des Hauses. Drei Schlafzimmer, zwei Toiletten, eigener eingez\u00e4unter Garten und vieles mehr.","robots":{"index":"index","follow":"follow","max-snippet":"max-snippet:-1","max-image-preview":"max-image-preview:large","max-video-preview":"max-video-preview:-1"},"canonical":"https:\/\/gudea21.de\/?page_id=73","og_locale":"de_DE","og_type":"article","og_title":"Ausstattung - Huisje Gudea 21","og_description":"Gesamte Liste der Ausstattung des Hauses. Drei Schlafzimmer, zwei Toiletten, eigener eingez\u00e4unter Garten und vieles mehr.","og_url":"https:\/\/gudea21.de\/?page_id=73","og_site_name":"Huisje Gudea 21","article_modified_time":"2023-01-08T00:49:50+00:00","og_image":[{"url":"http:\/\/192.168.178.36\/wp-content\/uploads\/2019\/03\/hundeurlaub.jpg","type":"","width":"","height":""}],"twitter_card":"summary_large_image","twitter_misc":{"Gesch\u00e4tzte Lesezeit":"1\u00a0Minute"},"schema":{"@context":"https:\/\/schema.org","@graph":[{"@type":"WebPage","@id":"https:\/\/gudea21.de\/?page_id=73","url":"https:\/\/gudea21.de\/?page_id=73","name":"Ausstattung - Huisje Gudea 21","isPartOf":{"@id":"https:\/\/gudea21.de\/#website"},"primaryImageOfPage":{"@id":"https:\/\/gudea21.de\/?page_id=73#primaryimage"},"image":{"@id":"https:\/\/gudea21.de\/?page_id=73#primaryimage"},"thumbnailUrl":"http:\/\/192.168.178.36\/wp-content\/uploads\/2019\/03\/hundeurlaub.jpg","datePublished":"2019-02-12T22:39:06+00:00","dateModified":"2023-01-08T00:49:50+00:00","description":"Gesamte Liste der Ausstattung des Hauses. Drei Schlafzimmer, zwei Toiletten, eigener eingez\u00e4unter Garten und vieles mehr.","breadcrumb":{"@id":"https:\/\/gudea21.de\/?page_id=73#breadcrumb"},"inLanguage":"de","potentialAction":[{"@type":"ReadAction","target":["https:\/\/gudea21.de\/?page_id=73"]}]},{"@type":"ImageObject","inLanguage":"de","@id":"https:\/\/gudea21.de\/?page_id=73#primaryimage","url":"http:\/\/192.168.178.36\/wp-content\/uploads\/2019\/03\/hundeurlaub.jpg","contentUrl":"http:\/\/192.168.178.36\/wp-content\/uploads\/2019\/03\/hundeurlaub.jpg"},{"@type":"BreadcrumbList","@id":"https:\/\/gudea21.de\/?page_id=73#breadcrumb","itemListElement":[{"@type":"ListItem","position":1,"name":"Startseite","item":"https:\/\/gudea21.de\/"},{"@type":"ListItem","position":2,"name":"Beschreibung","item":"https:\/\/gudea21.de\/?page_id=11"},{"@type":"ListItem","position":3,"name":"Ausstattung"}]},{"@type":"WebSite","@id":"https:\/\/gudea21.de\/#website","url":"https:\/\/gudea21.de\/","name":"Huisje Gudea 21","description":"Urlaub in Nordholland","publisher":{"@id":"https:\/\/gudea21.de\/#organization"},"potentialAction":[{"@type":"SearchAction","target":{"@type":"EntryPoint","urlTemplate":"https:\/\/gudea21.de\/?s={search_term_string}"},"query-input":{"@type":"PropertyValueSpecification","valueRequired":true,"valueName":"search_term_string"}}],"inLanguage":"de"},{"@type":"Organization","@id":"https:\/\/gudea21.de\/#organization","name":"Huisje Gudea 21","url":"https:\/\/gudea21.de\/","logo":{"@type":"ImageObject","inLanguage":"de","@id":"https:\/\/gudea21.de\/#\/schema\/logo\/image\/","url":"https:\/\/gudea21.de\/wp-content\/uploads\/2020\/06\/cropped-cropped-icon-kopie-1-1.png","contentUrl":"https:\/\/gudea21.de\/wp-content\/uploads\/2020\/06\/cropped-cropped-icon-kopie-1-1.png","width":250,"height":250,"caption":"Huisje Gudea 21"},"image":{"@id":"https:\/\/gudea21.de\/#\/schema\/logo\/image\/"}}]}},"_links":{"self":[{"href":"https:\/\/gudea21.de\/index.php?rest_route=\/wp\/v2\/pages\/73","targetHints":{"allow":["GET"]}}],"collection":[{"href":"https:\/\/gudea21.de\/index.php?rest_route=\/wp\/v2\/pages"}],"about":[{"href":"https:\/\/gudea21.de\/index.php?rest_route=\/wp\/v2\/types\/page"}],"author":[{"embeddable":true,"href":"https:\/\/gudea21.de\/index.php?rest_route=\/wp\/v2\/users\/1"}],"replies":[{"embeddable":true,"href":"https:\/\/gudea21.de\/index.php?rest_route=%2Fwp%2Fv2%2Fcomments&post=73"}],"version-history":[{"count":9,"href":"https:\/\/gudea21.de\/index.php?rest_route=\/wp\/v2\/pages\/73\/revisions"}],"predecessor-version":[{"id":832,"href":"https:\/\/gudea21.de\/index.php?rest_route=\/wp\/v2\/pages\/73\/revisions\/832"}],"up":[{"embeddable":true,"href":"https:\/\/gudea21.de\/index.php?rest_route=\/wp\/v2\/pages\/11"}],"wp:attachment":[{"href":"https:\/\/gudea21.de\/index.php?rest_route=%2Fwp%2Fv2%2Fmedia&parent=73"}],"curies":[{"name":"wp","href":"https:\/\/api.w.org\/{rel}","templated":true}]}}