{"id":13,"date":"2018-12-23T04:40:57","date_gmt":"2018-12-23T03:40:57","guid":{"rendered":"https:\/\/gudea21.wordpress.com\/?page_id=5"},"modified":"2021-05-19T01:49:12","modified_gmt":"2021-05-18T23:49:12","slug":"home","status":"publish","type":"page","link":"https:\/\/gudea21.de\/","title":{"rendered":"Home"},"content":{"rendered":"\n<p><\/p>\n\n\n\n<br>\n\n\n\n<p class=\"has-drop-cap animated fadeInDown\" style=\"font-size:18px\">Herzlich Willkommen auf der Website des Ferienhauses <br><em>Huisje Gudea 21<\/em>! <br><\/p>\n\n\n\n<p><\/p>\n\n\n\n<p class=\"animated fadeInDown\" style=\"font-size:19px\">Hier finden Sie alle notwendigen Informationen und Bilder zum Ferienhaus um sich einen guten Eindruck machen zu k\u00f6nnen. \u00dcber das obere Men\u00fc k\u00f6nnen Sie ganz einfach durch alle relevanten Seiten navigieren. Unter <strong><a href=\"https:\/\/gudea21.de\/?page_id=14\">News<\/a><\/strong> informieren wir direkt \u00fcber Neuigkeiten und Renovierungen. <\/p>\n\n\n\n<p class=\"animated fadeInDown\" style=\"font-size:19px\">Bitte kontaktieren Sie uns bei Interesse oder bei Fragen ganz einfach \u00fcber das Formular auf der Seite <strong><a href=\"https:\/\/gudea21.de\/?page_id=12\">Buchung\/Kontakt<\/a><\/strong>. Dort finden sie auch den aktualisierten <strong>Buchungskalender!<\/strong><\/p>\n","protected":false},"excerpt":{"rendered":"<p>Herzlich Willkommen auf der Website des Ferienhauses Huisje Gudea 21! Hier finden Sie alle notwendigen Informationen und Bilder zum Ferienhaus um sich einen guten Eindruck machen zu k\u00f6nnen. \u00dcber das obere Men\u00fc k\u00f6nnen Sie ganz einfach durch alle relevanten Seiten navigieren. Unter News informieren wir direkt \u00fcber Neuigkeiten und Renovierungen. Bitte kontaktieren Sie uns bei &hellip; <\/p>\n<p class=\"link-more\"><a href=\"https:\/\/gudea21.de\/\" class=\"more-link\"><span class=\"screen-reader-text\">\u201eHome\u201c <\/span>weiterlesen<\/a><\/p>\n","protected":false},"author":1,"featured_media":0,"parent":0,"menu_order":1,"comment_status":"closed","ping_status":"closed","template":"","meta":{"_themeisle_gutenberg_block_has_review":false,"footnotes":""},"class_list":["post-13","page","type-page","status-publish","hentry"],"yoast_head":"<!-- This site is optimized with the Yoast SEO plugin v26.8 - https:\/\/yoast.com\/product\/yoast-seo-wordpress\/ -->\n<title>Ferienhaus &quot;Huisje Gudea 21&quot; - Urlaub in Nordholland<\/title>\n<meta name=\"description\" content=\"Ferienhaus in Nordholland. Perfekt f\u00fcr den Familienurlaub! Meer und sch\u00f6ne Sandstr\u00e4nde in direkter N\u00e4he. Inkl. Garten und guter Ausstattung.\" \/>\n<meta name=\"robots\" content=\"index, follow, max-snippet:-1, max-image-preview:large, max-video-preview:-1\" \/>\n<link rel=\"canonical\" href=\"https:\/\/gudea21.de\/\" \/>\n<meta property=\"og:locale\" content=\"de_DE\" \/>\n<meta property=\"og:type\" content=\"article\" \/>\n<meta property=\"og:title\" content=\"Ferienhaus &quot;Huisje Gudea 21&quot; - Urlaub in Nordholland\" \/>\n<meta property=\"og:description\" content=\"Ferienhaus in Nordholland. Perfekt f\u00fcr den Familienurlaub! Meer und sch\u00f6ne Sandstr\u00e4nde in direkter N\u00e4he. Inkl. Garten und guter Ausstattung.\" \/>\n<meta property=\"og:url\" content=\"https:\/\/gudea21.de\/\" \/>\n<meta property=\"og:site_name\" content=\"Huisje Gudea 21\" \/>\n<meta property=\"article:modified_time\" content=\"2021-05-18T23:49:12+00:00\" \/>\n<meta name=\"twitter:card\" content=\"summary_large_image\" \/>\n<meta name=\"twitter:label1\" content=\"Gesch\u00e4tzte Lesezeit\" \/>\n\t<meta name=\"twitter:data1\" content=\"1\u00a0Minute\" \/>\n<script type=\"application\/ld+json\" class=\"yoast-schema-graph\">{\"@context\":\"https:\/\/schema.org\",\"@graph\":[{\"@type\":\"WebPage\",\"@id\":\"https:\/\/gudea21.de\/\",\"url\":\"https:\/\/gudea21.de\/\",\"name\":\"Ferienhaus \\\"Huisje Gudea 21\\\" - Urlaub in Nordholland\",\"isPartOf\":{\"@id\":\"https:\/\/gudea21.de\/#website\"},\"datePublished\":\"2018-12-23T03:40:57+00:00\",\"dateModified\":\"2021-05-18T23:49:12+00:00\",\"description\":\"Ferienhaus in Nordholland. Perfekt f\u00fcr den Familienurlaub! Meer und sch\u00f6ne Sandstr\u00e4nde in direkter N\u00e4he. Inkl. Garten und guter Ausstattung.\",\"breadcrumb\":{\"@id\":\"https:\/\/gudea21.de\/#breadcrumb\"},\"inLanguage\":\"de\",\"potentialAction\":[{\"@type\":\"ReadAction\",\"target\":[\"https:\/\/gudea21.de\/\"]}]},{\"@type\":\"BreadcrumbList\",\"@id\":\"https:\/\/gudea21.de\/#breadcrumb\",\"itemListElement\":[{\"@type\":\"ListItem\",\"position\":1,\"name\":\"Startseite\",\"item\":\"https:\/\/gudea21.de\/\"},{\"@type\":\"ListItem\",\"position\":2,\"name\":\"Home\"}]},{\"@type\":\"WebSite\",\"@id\":\"https:\/\/gudea21.de\/#website\",\"url\":\"https:\/\/gudea21.de\/\",\"name\":\"Huisje Gudea 21\",\"description\":\"Urlaub in Nordholland\",\"publisher\":{\"@id\":\"https:\/\/gudea21.de\/#organization\"},\"potentialAction\":[{\"@type\":\"SearchAction\",\"target\":{\"@type\":\"EntryPoint\",\"urlTemplate\":\"https:\/\/gudea21.de\/?s={search_term_string}\"},\"query-input\":{\"@type\":\"PropertyValueSpecification\",\"valueRequired\":true,\"valueName\":\"search_term_string\"}}],\"inLanguage\":\"de\"},{\"@type\":\"Organization\",\"@id\":\"https:\/\/gudea21.de\/#organization\",\"name\":\"Huisje Gudea 21\",\"url\":\"https:\/\/gudea21.de\/\",\"logo\":{\"@type\":\"ImageObject\",\"inLanguage\":\"de\",\"@id\":\"https:\/\/gudea21.de\/#\/schema\/logo\/image\/\",\"url\":\"https:\/\/gudea21.de\/wp-content\/uploads\/2020\/06\/cropped-cropped-icon-kopie-1-1.png\",\"contentUrl\":\"https:\/\/gudea21.de\/wp-content\/uploads\/2020\/06\/cropped-cropped-icon-kopie-1-1.png\",\"width\":250,\"height\":250,\"caption\":\"Huisje Gudea 21\"},\"image\":{\"@id\":\"https:\/\/gudea21.de\/#\/schema\/logo\/image\/\"}}]}<\/script>\n<!-- \/ Yoast SEO plugin. -->","yoast_head_json":{"title":"Ferienhaus \"Huisje Gudea 21\" - Urlaub in Nordholland","description":"Ferienhaus in Nordholland. Perfekt f\u00fcr den Familienurlaub! Meer und sch\u00f6ne Sandstr\u00e4nde in direkter N\u00e4he. Inkl. Garten und guter Ausstattung.","robots":{"index":"index","follow":"follow","max-snippet":"max-snippet:-1","max-image-preview":"max-image-preview:large","max-video-preview":"max-video-preview:-1"},"canonical":"https:\/\/gudea21.de\/","og_locale":"de_DE","og_type":"article","og_title":"Ferienhaus \"Huisje Gudea 21\" - Urlaub in Nordholland","og_description":"Ferienhaus in Nordholland. Perfekt f\u00fcr den Familienurlaub! Meer und sch\u00f6ne Sandstr\u00e4nde in direkter N\u00e4he. Inkl. Garten und guter Ausstattung.","og_url":"https:\/\/gudea21.de\/","og_site_name":"Huisje Gudea 21","article_modified_time":"2021-05-18T23:49:12+00:00","twitter_card":"summary_large_image","twitter_misc":{"Gesch\u00e4tzte Lesezeit":"1\u00a0Minute"},"schema":{"@context":"https:\/\/schema.org","@graph":[{"@type":"WebPage","@id":"https:\/\/gudea21.de\/","url":"https:\/\/gudea21.de\/","name":"Ferienhaus \"Huisje Gudea 21\" - Urlaub in Nordholland","isPartOf":{"@id":"https:\/\/gudea21.de\/#website"},"datePublished":"2018-12-23T03:40:57+00:00","dateModified":"2021-05-18T23:49:12+00:00","description":"Ferienhaus in Nordholland. Perfekt f\u00fcr den Familienurlaub! Meer und sch\u00f6ne Sandstr\u00e4nde in direkter N\u00e4he. Inkl. Garten und guter Ausstattung.","breadcrumb":{"@id":"https:\/\/gudea21.de\/#breadcrumb"},"inLanguage":"de","potentialAction":[{"@type":"ReadAction","target":["https:\/\/gudea21.de\/"]}]},{"@type":"BreadcrumbList","@id":"https:\/\/gudea21.de\/#breadcrumb","itemListElement":[{"@type":"ListItem","position":1,"name":"Startseite","item":"https:\/\/gudea21.de\/"},{"@type":"ListItem","position":2,"name":"Home"}]},{"@type":"WebSite","@id":"https:\/\/gudea21.de\/#website","url":"https:\/\/gudea21.de\/","name":"Huisje Gudea 21","description":"Urlaub in Nordholland","publisher":{"@id":"https:\/\/gudea21.de\/#organization"},"potentialAction":[{"@type":"SearchAction","target":{"@type":"EntryPoint","urlTemplate":"https:\/\/gudea21.de\/?s={search_term_string}"},"query-input":{"@type":"PropertyValueSpecification","valueRequired":true,"valueName":"search_term_string"}}],"inLanguage":"de"},{"@type":"Organization","@id":"https:\/\/gudea21.de\/#organization","name":"Huisje Gudea 21","url":"https:\/\/gudea21.de\/","logo":{"@type":"ImageObject","inLanguage":"de","@id":"https:\/\/gudea21.de\/#\/schema\/logo\/image\/","url":"https:\/\/gudea21.de\/wp-content\/uploads\/2020\/06\/cropped-cropped-icon-kopie-1-1.png","contentUrl":"https:\/\/gudea21.de\/wp-content\/uploads\/2020\/06\/cropped-cropped-icon-kopie-1-1.png","width":250,"height":250,"caption":"Huisje Gudea 21"},"image":{"@id":"https:\/\/gudea21.de\/#\/schema\/logo\/image\/"}}]}},"_links":{"self":[{"href":"https:\/\/gudea21.de\/index.php?rest_route=\/wp\/v2\/pages\/13","targetHints":{"allow":["GET"]}}],"collection":[{"href":"https:\/\/gudea21.de\/index.php?rest_route=\/wp\/v2\/pages"}],"about":[{"href":"https:\/\/gudea21.de\/index.php?rest_route=\/wp\/v2\/types\/page"}],"author":[{"embeddable":true,"href":"https:\/\/gudea21.de\/index.php?rest_route=\/wp\/v2\/users\/1"}],"replies":[{"embeddable":true,"href":"https:\/\/gudea21.de\/index.php?rest_route=%2Fwp%2Fv2%2Fcomments&post=13"}],"version-history":[{"count":31,"href":"https:\/\/gudea21.de\/index.php?rest_route=\/wp\/v2\/pages\/13\/revisions"}],"predecessor-version":[{"id":774,"href":"https:\/\/gudea21.de\/index.php?rest_route=\/wp\/v2\/pages\/13\/revisions\/774"}],"wp:attachment":[{"href":"https:\/\/gudea21.de\/index.php?rest_route=%2Fwp%2Fv2%2Fmedia&parent=13"}],"curies":[{"name":"wp","href":"https:\/\/api.w.org\/{rel}","templated":true}]}}